{"id":423,"date":"2023-03-21T14:20:33","date_gmt":"2023-03-21T18:20:33","guid":{"rendered":"https:\/\/pinoparquemar.com\/attrakcje-w-poblizu\/"},"modified":"2023-04-06T11:50:17","modified_gmt":"2023-04-06T15:50:17","slug":"attrakcje-w-poblizu","status":"publish","type":"page","link":"https:\/\/pinoparquemar.com\/pl\/attrakcje-w-poblizu\/","title":{"rendered":"ATTRAKCJE W POBLI\u017bU"},"content":{"rendered":"\t\t<div data-elementor-type=\"wp-page\" data-elementor-id=\"423\" class=\"elementor elementor-423 elementor-15\" data-elementor-settings=\"[]\">\n\t\t\t\t\t\t\t<div class=\"elementor-section-wrap\">\n\t\t\t\t\t\t\t<section class=\"elementor-section elementor-top-section elementor-element elementor-element-0431682 elementor-section-stretched elementor-section-boxed elementor-section-height-default elementor-section-height-default\" data-id=\"0431682\" data-element_type=\"section\" data-settings=\"{&quot;stretch_section&quot;:&quot;section-stretched&quot;}\">\n\t\t\t\t\t\t\t<div class=\"elementor-background-overlay\"><\/div>\n\t\t\t\t\t\t\t<div class=\"elementor-container elementor-column-gap-default\">\n\t\t\t\t\t<div class=\"elementor-column elementor-col-100 elementor-top-column elementor-element elementor-element-e24edaa\" data-id=\"e24edaa\" data-element_type=\"column\">\n\t\t\t<div class=\"elementor-widget-wrap elementor-element-populated\">\n\t\t\t\t\t\t\t\t<section class=\"elementor-section elementor-inner-section elementor-element elementor-element-093d41d elementor-section-full_width elementor-section-height-default elementor-section-height-default\" data-id=\"093d41d\" data-element_type=\"section\">\n\t\t\t\t\t\t<div class=\"elementor-container elementor-column-gap-no\">\n\t\t\t\t\t<div class=\"elementor-column elementor-col-100 elementor-inner-column elementor-element elementor-element-c212665\" data-id=\"c212665\" data-element_type=\"column\">\n\t\t\t<div class=\"elementor-widget-wrap elementor-element-populated\">\n\t\t\t\t\t\t\t\t<div class=\"elementor-element elementor-element-28247b2 elementor-widget elementor-widget-heading\" data-id=\"28247b2\" data-element_type=\"widget\" data-widget_type=\"heading.default\">\n\t\t\t\t<div class=\"elementor-widget-container\">\n\t\t\t<h2 class=\"elementor-heading-title elementor-size-default\">ATTRAKCJE W POBLI\u017bU<\/h2>\t\t<\/div>\n\t\t\t\t<\/div>\n\t\t\t\t\t<\/div>\n\t\t<\/div>\n\t\t\t\t\t\t\t<\/div>\n\t\t<\/section>\n\t\t\t\t\t<\/div>\n\t\t<\/div>\n\t\t\t\t\t\t\t<\/div>\n\t\t<\/section>\n\t\t\t\t<section class=\"elementor-section elementor-top-section elementor-element elementor-element-f2a1d83 elementor-section-boxed elementor-section-height-default elementor-section-height-default\" data-id=\"f2a1d83\" data-element_type=\"section\" id=\"restaurants\">\n\t\t\t\t\t\t<div class=\"elementor-container elementor-column-gap-default\">\n\t\t\t\t\t<div class=\"elementor-column elementor-col-100 elementor-top-column elementor-element elementor-element-414a512\" data-id=\"414a512\" data-element_type=\"column\">\n\t\t\t<div class=\"elementor-widget-wrap elementor-element-populated\">\n\t\t\t\t\t\t\t\t<section class=\"elementor-section elementor-inner-section elementor-element elementor-element-3d71691 elementor-section-boxed elementor-section-height-default elementor-section-height-default\" data-id=\"3d71691\" data-element_type=\"section\" data-settings=\"{&quot;background_background&quot;:&quot;classic&quot;}\">\n\t\t\t\t\t\t\t<div class=\"elementor-background-overlay\"><\/div>\n\t\t\t\t\t\t\t<div class=\"elementor-container elementor-column-gap-default\">\n\t\t\t\t\t<div class=\"elementor-column elementor-col-100 elementor-inner-column elementor-element elementor-element-4ffd666\" data-id=\"4ffd666\" data-element_type=\"column\">\n\t\t\t<div class=\"elementor-widget-wrap elementor-element-populated\">\n\t\t\t\t\t\t\t\t<div class=\"elementor-element elementor-element-53d6b1a elementor-widget elementor-widget-heading\" data-id=\"53d6b1a\" data-element_type=\"widget\" data-widget_type=\"heading.default\">\n\t\t\t\t<div class=\"elementor-widget-container\">\n\t\t\t<h2 class=\"elementor-heading-title elementor-size-default\">RESTAURACJE<\/h2>\t\t<\/div>\n\t\t\t\t<\/div>\n\t\t\t\t\t<\/div>\n\t\t<\/div>\n\t\t\t\t\t\t\t<\/div>\n\t\t<\/section>\n\t\t\t\t\t<\/div>\n\t\t<\/div>\n\t\t\t\t\t\t\t<\/div>\n\t\t<\/section>\n\t\t\t\t<section class=\"elementor-section elementor-top-section elementor-element elementor-element-324a20f elementor-section-boxed elementor-section-height-default elementor-section-height-default\" data-id=\"324a20f\" data-element_type=\"section\">\n\t\t\t\t\t\t<div class=\"elementor-container elementor-column-gap-default\">\n\t\t\t\t\t<div class=\"elementor-column elementor-col-100 elementor-top-column elementor-element elementor-element-e8dbcaf\" data-id=\"e8dbcaf\" data-element_type=\"column\">\n\t\t\t<div class=\"elementor-widget-wrap elementor-element-populated\">\n\t\t\t\t\t\t\t\t<div class=\"elementor-element elementor-element-882eb4a elementor-widget elementor-widget-text-editor\" data-id=\"882eb4a\" data-element_type=\"widget\" data-widget_type=\"text-editor.default\">\n\t\t\t\t<div class=\"elementor-widget-container\">\n\t\t\t\t\t\t\t<h4><span style=\"color: #041261;\"><strong>RESTAURANTE VELA BEACH LA MATA<\/strong><\/span><\/h4>\n<p>Calle Geraneos 1 UrbanizacionMolino Blanco, 03188 Torrevieja Spain<\/p>\n<p><a href=\"https:\/\/velabeachrestaurante.com\" target=\"_blank\" rel=\"noopener\">https:\/\/velabeachrestaurante.com<\/a><\/p>\n<h4><span style=\"color: #041261;\"><strong>RESTAURANTE EL MOLINO WHITE<\/strong><\/span><\/h4>\n<p>Carr. de la Mata, 03188 Torrevieja, Alicante, Spain<\/p>\n<p><a href=\"https:\/\/elmolinowhitetorrevieja.es\" target=\"_blank\" rel=\"noopener\">https:\/\/elmolinowhitetorrevieja.es<\/a><\/p>\n<h4><span style=\"color: #041261;\"><strong>LA FUSI\u00d3N RESTAURANTE<\/strong><\/span><\/h4>\n<p><span style=\"color: var( --e-global-color-text );\">C. <\/span><span style=\"color: var( --e-global-color-text ); font-family: var( --e-global-typography-text-font-family ), Sans-serif; font-weight: var( --e-global-typography-text-font-weight );\">Geraneos, 1, Local B, 03188 Torrevieja, Alicante, Spain<\/span><\/p>\n<p><a href=\"https:\/\/lafusion.club\/la-carta-fusion\/\" target=\"_blank\" rel=\"noopener\">https:\/\/lafusion.club\/la-carta-fusion\/<\/a><\/p>\n\t\t\t\t\t\t<\/div>\n\t\t\t\t<\/div>\n\t\t\t\t\t<\/div>\n\t\t<\/div>\n\t\t\t\t\t\t\t<\/div>\n\t\t<\/section>\n\t\t\t\t<section class=\"elementor-section elementor-top-section elementor-element elementor-element-ffb993c elementor-section-boxed elementor-section-height-default elementor-section-height-default\" data-id=\"ffb993c\" data-element_type=\"section\" id=\"shopping\">\n\t\t\t\t\t\t\t<div class=\"elementor-background-overlay\"><\/div>\n\t\t\t\t\t\t\t<div class=\"elementor-container elementor-column-gap-default\">\n\t\t\t\t\t<div class=\"elementor-column elementor-col-100 elementor-top-column elementor-element elementor-element-be80514\" data-id=\"be80514\" data-element_type=\"column\" data-settings=\"{&quot;background_background&quot;:&quot;classic&quot;}\">\n\t\t\t<div class=\"elementor-widget-wrap elementor-element-populated\">\n\t\t\t\t\t\t\t\t<section class=\"elementor-section elementor-inner-section elementor-element elementor-element-3c602ef elementor-section-boxed elementor-section-height-default elementor-section-height-default\" data-id=\"3c602ef\" data-element_type=\"section\" data-settings=\"{&quot;background_background&quot;:&quot;classic&quot;}\">\n\t\t\t\t\t\t\t<div class=\"elementor-background-overlay\"><\/div>\n\t\t\t\t\t\t\t<div class=\"elementor-container elementor-column-gap-default\">\n\t\t\t\t\t<div class=\"elementor-column elementor-col-100 elementor-inner-column elementor-element elementor-element-63a7b7c\" data-id=\"63a7b7c\" data-element_type=\"column\" data-settings=\"{&quot;background_background&quot;:&quot;classic&quot;}\">\n\t\t\t<div class=\"elementor-widget-wrap elementor-element-populated\">\n\t\t\t\t\t\t\t\t<div class=\"elementor-element elementor-element-c02bb53 elementor-widget elementor-widget-heading\" data-id=\"c02bb53\" data-element_type=\"widget\" data-widget_type=\"heading.default\">\n\t\t\t\t<div class=\"elementor-widget-container\">\n\t\t\t<h2 class=\"elementor-heading-title elementor-size-default\">Zakupy<\/h2>\t\t<\/div>\n\t\t\t\t<\/div>\n\t\t\t\t\t<\/div>\n\t\t<\/div>\n\t\t\t\t\t\t\t<\/div>\n\t\t<\/section>\n\t\t\t\t\t<\/div>\n\t\t<\/div>\n\t\t\t\t\t\t\t<\/div>\n\t\t<\/section>\n\t\t\t\t<section class=\"elementor-section elementor-top-section elementor-element elementor-element-cc0bc48 elementor-section-boxed elementor-section-height-default elementor-section-height-default\" data-id=\"cc0bc48\" data-element_type=\"section\">\n\t\t\t\t\t\t<div class=\"elementor-container elementor-column-gap-default\">\n\t\t\t\t\t<div class=\"elementor-column elementor-col-100 elementor-top-column elementor-element elementor-element-ba7e415\" data-id=\"ba7e415\" data-element_type=\"column\">\n\t\t\t<div class=\"elementor-widget-wrap elementor-element-populated\">\n\t\t\t\t\t\t\t\t<div class=\"elementor-element elementor-element-274c9aa elementor-widget elementor-widget-text-editor\" data-id=\"274c9aa\" data-element_type=\"widget\" data-widget_type=\"text-editor.default\">\n\t\t\t\t<div class=\"elementor-widget-container\">\n\t\t\t\t\t\t\t<h4><span style=\"color: #041261;\"><strong>VILLAMARTIN PLAZA<\/strong><\/span><\/h4>\n<p>Galeria Villa Martin znajduje sie w samym centrum przepi\u0119knej okolicy. Znakomite miejsce na odwiedziny zar\u00f3wno ci\u0105gu dnia jak i wieczorem, albo odpoczywa\u0107 w s\u0142oneczku albo cieszy\u0107 si\u0119 wy\u015bmienit\u0105 hiszpa\u0144sk\u0105 kuchni\u0105 pod gwiazdami, Villamartin to miejsce warte odwiedzenia. Nie ma nic lepszego na koniec dnia ni\u017c popijanie zimnej lampki hiszpa\u0144skiego wina w ciep\u0142y wiecz\u00f3r s\u0142uchaj\u0105c \u015bwiergotanie papug.<br \/>Av. de las Brisas, 6, 7, s\/n, 03189 Villamart\u00edn, Alicante, Spain<\/p>\n<p><a href=\"https:\/\/www.villamartinplaza.com\" target=\"_blank\" rel=\"noopener\">https:\/\/www.villamartinplaza.com<\/a><\/p>\n<h4><span style=\"color: #041261;\"><strong>GALERIA HABANERA<\/strong><\/span><\/h4>\n<p>Av. Rosa Maz\u00f3n Valero, 7, 03184, Torrevieja, Alicante<\/p>\n<p><a href=\"https:\/\/habaneras.es\" target=\"_blank\" rel=\"noopener\">https:\/\/habaneras.es<\/a><\/p>\n<h4><span style=\"color: #041261;\"><strong>RYNEK MERCADILLO DE TORREVIEJA<\/strong><\/span><\/h4>\n\t\t\t\t\t\t<\/div>\n\t\t\t\t<\/div>\n\t\t\t\t\t<\/div>\n\t\t<\/div>\n\t\t\t\t\t\t\t<\/div>\n\t\t<\/section>\n\t\t\t\t<section class=\"elementor-section elementor-top-section elementor-element elementor-element-773343e elementor-section-boxed elementor-section-height-default elementor-section-height-default\" data-id=\"773343e\" data-element_type=\"section\" id=\"adventure\">\n\t\t\t\t\t\t\t<div class=\"elementor-background-overlay\"><\/div>\n\t\t\t\t\t\t\t<div class=\"elementor-container elementor-column-gap-default\">\n\t\t\t\t\t<div class=\"elementor-column elementor-col-100 elementor-top-column elementor-element elementor-element-e285a4d\" data-id=\"e285a4d\" data-element_type=\"column\" data-settings=\"{&quot;background_background&quot;:&quot;classic&quot;}\">\n\t\t\t<div class=\"elementor-widget-wrap elementor-element-populated\">\n\t\t\t\t\t\t\t\t<section class=\"elementor-section elementor-inner-section elementor-element elementor-element-5e9dfd9 elementor-section-boxed elementor-section-height-default elementor-section-height-default\" data-id=\"5e9dfd9\" data-element_type=\"section\" data-settings=\"{&quot;background_background&quot;:&quot;classic&quot;}\">\n\t\t\t\t\t\t\t<div class=\"elementor-background-overlay\"><\/div>\n\t\t\t\t\t\t\t<div class=\"elementor-container elementor-column-gap-default\">\n\t\t\t\t\t<div class=\"elementor-column elementor-col-100 elementor-inner-column elementor-element elementor-element-e751eeb\" data-id=\"e751eeb\" data-element_type=\"column\" data-settings=\"{&quot;background_background&quot;:&quot;classic&quot;}\">\n\t\t\t<div class=\"elementor-widget-wrap elementor-element-populated\">\n\t\t\t\t\t\t\t\t<div class=\"elementor-element elementor-element-9f4b344 elementor-widget elementor-widget-heading\" data-id=\"9f4b344\" data-element_type=\"widget\" data-widget_type=\"heading.default\">\n\t\t\t\t<div class=\"elementor-widget-container\">\n\t\t\t<h2 class=\"elementor-heading-title elementor-size-default\">PRZYGODY<\/h2>\t\t<\/div>\n\t\t\t\t<\/div>\n\t\t\t\t\t<\/div>\n\t\t<\/div>\n\t\t\t\t\t\t\t<\/div>\n\t\t<\/section>\n\t\t\t\t\t<\/div>\n\t\t<\/div>\n\t\t\t\t\t\t\t<\/div>\n\t\t<\/section>\n\t\t\t\t<section class=\"elementor-section elementor-top-section elementor-element elementor-element-6fe1a31 elementor-section-boxed elementor-section-height-default elementor-section-height-default\" data-id=\"6fe1a31\" data-element_type=\"section\">\n\t\t\t\t\t\t<div class=\"elementor-container elementor-column-gap-default\">\n\t\t\t\t\t<div class=\"elementor-column elementor-col-100 elementor-top-column elementor-element elementor-element-ecdeb9f\" data-id=\"ecdeb9f\" data-element_type=\"column\">\n\t\t\t<div class=\"elementor-widget-wrap elementor-element-populated\">\n\t\t\t\t\t\t\t\t<div class=\"elementor-element elementor-element-2ddf515 elementor-widget elementor-widget-text-editor\" data-id=\"2ddf515\" data-element_type=\"widget\" data-widget_type=\"text-editor.default\">\n\t\t\t\t<div class=\"elementor-widget-container\">\n\t\t\t\t\t\t\t<h4><span style=\"color: #041261;\"><strong>PARK MOLINO DEL AGUA<\/strong><\/span><\/h4>\n<p>Calle Geraneos 1 Urbanizacion Molino Blanco, 03188 Torrevieja Spain<\/p>\n<p><a href=\"https:\/\/velabeachrestaurante.com\" target=\"_blank\" rel=\"noopener\">https:\/\/velabeachrestaurante.com<\/a><\/p>\n<h4><span style=\"color: #041261;\"><strong>SALINAS DE TORREVIEJA, WARTE ZOBACZENIA!<\/strong><\/span><\/h4>\n<p>Naturalny rezerwat ze s\u0142onymi lagunami znany przez sw\u00f3j niesamowity r\u00f3\u017cowy kolor. Przy tym do zobaczenia ro\u017cne odmiany ro\u015blinno\u015bci i zamieszka\u0142ych tam zwierz\u0105t.<br \/>Wycieczka trwaj\u0105ca oko\u0142o jednej godziny. Jest wskazane aby przed wyjazdem sprawdzi\u0107 harmonogram na stronie: www.visitasalinasdetorrevieja.com.<br \/>Odjazdy autobus\u00f3w s\u0105 z Paseo de la Libertad znajduj\u0105cego si\u0119 w centrum miasta Torrevieja.<\/p>\n<\/p>\n<h4><span style=\"color: #041261;\"><strong>PLA\u017bA LA MATA<\/strong><\/span><\/h4>\n<\/p>\n<h4><span style=\"color: #041261;\"><strong>AQUAPARK FLAMINGO<\/strong><\/span><\/h4>\n<p>Aquapark Flamingo znajduje si\u0119 w Torrevieja, dwie minuty od Carrefour i galerii Habaneras<\/p>\n<p><a href=\"https:\/\/aquaparkflamingo.com\" target=\"_blank\" rel=\"noopener\">https:\/\/aquaparkflamingo.com<\/a><\/p>\n\t\t\t\t\t\t<\/div>\n\t\t\t\t<\/div>\n\t\t\t\t\t<\/div>\n\t\t<\/div>\n\t\t\t\t\t\t\t<\/div>\n\t\t<\/section>\n\t\t\t\t<section class=\"elementor-section elementor-top-section elementor-element elementor-element-1de1102 elementor-section-boxed elementor-section-height-default elementor-section-height-default\" data-id=\"1de1102\" data-element_type=\"section\">\n\t\t\t\t\t\t<div class=\"elementor-container elementor-column-gap-default\">\n\t\t\t\t\t<div class=\"elementor-column elementor-col-100 elementor-top-column elementor-element elementor-element-71a7de2\" data-id=\"71a7de2\" data-element_type=\"column\">\n\t\t\t<div class=\"elementor-widget-wrap elementor-element-populated\">\n\t\t\t\t\t\t\t\t<div class=\"elementor-element elementor-element-0bc5a8c elementor-align-center elementor-widget elementor-widget-button\" data-id=\"0bc5a8c\" data-element_type=\"widget\" data-widget_type=\"button.default\">\n\t\t\t\t<div class=\"elementor-widget-container\">\n\t\t\t\t\t<div class=\"elementor-button-wrapper\">\n\t\t\t<a href=\"https:\/\/www.booking.com\/hotel\/es\/pino-parquemar.pl.html\" target=\"_blank\" class=\"elementor-button-link elementor-button elementor-size-lg\" role=\"button\">\n\t\t\t\t\t\t<span class=\"elementor-button-content-wrapper\">\n\t\t\t\t\t\t<span class=\"elementor-button-text\">ZR\u00d3B REZERWACJ\u0118<\/span>\n\t\t<\/span>\n\t\t\t\t\t<\/a>\n\t\t<\/div>\n\t\t\t\t<\/div>\n\t\t\t\t<\/div>\n\t\t\t\t\t<\/div>\n\t\t<\/div>\n\t\t\t\t\t\t\t<\/div>\n\t\t<\/section>\n\t\t\t\t\t\t<\/div>\n\t\t\t\t\t<\/div>\n\t\t","protected":false},"excerpt":{"rendered":"<p>ATTRAKCJE W POBLI\u017bU RESTAURACJE RESTAURANTE VELA BEACH LA MATA Calle Geraneos 1 UrbanizacionMolino Blanco, 03188 Torrevieja Spain https:\/\/velabeachrestaurante.com RESTAURANTE EL MOLINO WHITE Carr. de la Mata, 03188 Torrevieja, Alicante, Spain https:\/\/elmolinowhitetorrevieja.es LA FUSI\u00d3N RESTAURANTE C. Geraneos, 1, Local B, 03188 Torrevieja, Alicante, Spain https:\/\/lafusion.club\/la-carta-fusion\/ Zakupy VILLAMARTIN PLAZA Galeria Villa Martin znajduje sie w samym centrum &hellip; <\/p>\n<p class=\"link-more\"><a href=\"https:\/\/pinoparquemar.com\/pl\/attrakcje-w-poblizu\/\" class=\"more-link\">Continue reading<span class=\"screen-reader-text\"> &#8222;ATTRAKCJE W POBLI\u017bU&#8221;<\/span><\/a><\/p>\n","protected":false},"author":1,"featured_media":0,"parent":0,"menu_order":0,"comment_status":"closed","ping_status":"closed","template":"","meta":{"footnotes":""},"class_list":["post-423","page","type-page","status-publish","hentry"],"acf":[],"_links":{"self":[{"href":"https:\/\/pinoparquemar.com\/pl\/wp-json\/wp\/v2\/pages\/423","targetHints":{"allow":["GET"]}}],"collection":[{"href":"https:\/\/pinoparquemar.com\/pl\/wp-json\/wp\/v2\/pages"}],"about":[{"href":"https:\/\/pinoparquemar.com\/pl\/wp-json\/wp\/v2\/types\/page"}],"author":[{"embeddable":true,"href":"https:\/\/pinoparquemar.com\/pl\/wp-json\/wp\/v2\/users\/1"}],"replies":[{"embeddable":true,"href":"https:\/\/pinoparquemar.com\/pl\/wp-json\/wp\/v2\/comments?post=423"}],"version-history":[{"count":7,"href":"https:\/\/pinoparquemar.com\/pl\/wp-json\/wp\/v2\/pages\/423\/revisions"}],"predecessor-version":[{"id":499,"href":"https:\/\/pinoparquemar.com\/pl\/wp-json\/wp\/v2\/pages\/423\/revisions\/499"}],"wp:attachment":[{"href":"https:\/\/pinoparquemar.com\/pl\/wp-json\/wp\/v2\/media?parent=423"}],"curies":[{"name":"wp","href":"https:\/\/api.w.org\/{rel}","templated":true}]}}